{"id":3499,"date":"2024-06-11T05:17:11","date_gmt":"2024-06-11T05:17:11","guid":{"rendered":"https:\/\/sultanozdemir.com\/?page_id=3499"},"modified":"2024-06-11T06:12:23","modified_gmt":"2024-06-11T06:12:23","slug":"youtube-kanalim","status":"publish","type":"page","link":"https:\/\/sultanozdemir.com\/?page_id=3499","title":{"rendered":"Youtube Kanal\u0131m"},"content":{"rendered":"<p><img loading=\"lazy\" decoding=\"async\" class=\"aligncenter wp-image-3501 size-full\" src=\"http:\/\/sultanozdemir.com\/wp-content\/uploads\/2024\/06\/youtubeshorts.png\" alt=\"\" width=\"259\" height=\"194\" \/><\/p>\n<p><iframe loading=\"lazy\" title=\"25 Nisan 2022\" src=\"https:\/\/www.youtube.com\/embed\/89Rd_M83L4A\" width=\"260\" height=\"617\" frameborder=\"0\" allowfullscreen=\"allowfullscreen\"><\/iframe><iframe loading=\"lazy\" title=\"19 Eyl\u00fcl 2022\" src=\"https:\/\/www.youtube.com\/embed\/oIHSPFNR4yQ\" width=\"260\" height=\"617\" frameborder=\"0\" allowfullscreen=\"allowfullscreen\"><\/iframe><iframe loading=\"lazy\" title=\"18 Ocak 2024\" src=\"https:\/\/www.youtube.com\/embed\/zaUNDmK1atU\" width=\"260\" height=\"617\" frameborder=\"0\" allowfullscreen=\"allowfullscreen\"><\/iframe><iframe loading=\"lazy\" title=\"19 Ocak 2024\" src=\"https:\/\/www.youtube.com\/embed\/4qc-cY7QwtE\" width=\"260\" height=\"617\" frameborder=\"0\" allowfullscreen=\"allowfullscreen\"><\/iframe><iframe loading=\"lazy\" title=\"20 Ocak 2024\" src=\"https:\/\/www.youtube.com\/embed\/f1nA5-LEdnk\" width=\"260\" height=\"617\" frameborder=\"0\" allowfullscreen=\"allowfullscreen\"><\/iframe><iframe loading=\"lazy\" title=\"21 Ocak 2024\" src=\"https:\/\/www.youtube.com\/embed\/LQhWk4q-43Q\" width=\"260\" height=\"617\" frameborder=\"0\" allowfullscreen=\"allowfullscreen\"><\/iframe><iframe loading=\"lazy\" title=\"23 Ocak 2024\" src=\"https:\/\/www.youtube.com\/embed\/ypy6FWsKrMg\" width=\"260\" height=\"617\" frameborder=\"0\" allowfullscreen=\"allowfullscreen\"><\/iframe><iframe loading=\"lazy\" title=\"24 Ocak 2024\" src=\"https:\/\/www.youtube.com\/embed\/gUWY53z-jEA\" width=\"260\" height=\"617\" frameborder=\"0\" allowfullscreen=\"allowfullscreen\"><\/iframe><iframe loading=\"lazy\" title=\"25 Ocak 2024\" src=\"https:\/\/www.youtube.com\/embed\/yWfqTNz27Dg\" width=\"260\" height=\"617\" frameborder=\"0\" allowfullscreen=\"allowfullscreen\"><\/iframe><iframe loading=\"lazy\" title=\"1 \u015eubat 2024\" src=\"https:\/\/www.youtube.com\/embed\/ygheJz5eGS0\" width=\"260\" height=\"617\" frameborder=\"0\" allowfullscreen=\"allowfullscreen\"><\/iframe><iframe loading=\"lazy\" title=\"1 \u015eubat 2024\" src=\"https:\/\/www.youtube.com\/embed\/EKakZD6EzbU\" width=\"260\" height=\"617\" frameborder=\"0\" allowfullscreen=\"allowfullscreen\"><\/iframe><iframe loading=\"lazy\" title=\"5 \u015eubat 2024\" src=\"https:\/\/www.youtube.com\/embed\/EZCOrpxAiyU\" width=\"260\" height=\"617\" frameborder=\"0\" allowfullscreen=\"allowfullscreen\"><\/iframe><iframe loading=\"lazy\" title=\"6 \u015eubat 2024\" src=\"https:\/\/www.youtube.com\/embed\/8bolpzs55Oo\" width=\"260\" height=\"617\" frameborder=\"0\" allowfullscreen=\"allowfullscreen\"><\/iframe><iframe loading=\"lazy\" title=\"10 \u015eubat 2024\" src=\"https:\/\/www.youtube.com\/embed\/oIfUOLyJX6s\" width=\"260\" height=\"617\" frameborder=\"0\" allowfullscreen=\"allowfullscreen\"><\/iframe><iframe loading=\"lazy\" title=\"13 \u015eubat 2024\" src=\"https:\/\/www.youtube.com\/embed\/dM4PYMeVHFI\" width=\"260\" height=\"617\" frameborder=\"0\" allowfullscreen=\"allowfullscreen\"><\/iframe><iframe loading=\"lazy\" title=\"14 \u015eubat 2024\" src=\"https:\/\/www.youtube.com\/embed\/6wD35l0lECc\" width=\"260\" height=\"617\" frameborder=\"0\" allowfullscreen=\"allowfullscreen\"><\/iframe><iframe loading=\"lazy\" title=\"Volvo da benim s\u0131fat-\u00fcl e\u015f-gal &#x1f602;\" src=\"https:\/\/www.youtube.com\/embed\/vaRncw6zt1Y\" width=\"260\" height=\"617\" frameborder=\"0\" allowfullscreen=\"allowfullscreen\"><span style=\"display: inline-block; width: 0px; overflow: hidden; line-height: 0;\" data-mce-type=\"bookmark\" class=\"mce_SELRES_start\">\ufeff<\/span><\/iframe><iframe loading=\"lazy\" title=\"17 \u015eubat 2024\" src=\"https:\/\/www.youtube.com\/embed\/y3I7a4jqZXs\" width=\"260\" height=\"617\" frameborder=\"0\" allowfullscreen=\"allowfullscreen\"><\/iframe><iframe loading=\"lazy\" title=\"22 \u015eubat 2024\" src=\"https:\/\/www.youtube.com\/embed\/U7LAu9MQ93A\" width=\"260\" height=\"617\" frameborder=\"0\" allowfullscreen=\"allowfullscreen\"><\/iframe><iframe loading=\"lazy\" title=\"28 \u015eubat 2024\" src=\"https:\/\/www.youtube.com\/embed\/7N_YplJ82wA\" width=\"260\" height=\"617\" frameborder=\"0\" allowfullscreen=\"allowfullscreen\"><\/iframe><iframe loading=\"lazy\" title=\"13 Mart 2024\" src=\"https:\/\/www.youtube.com\/embed\/5RPgCTr-8pQ\" width=\"260\" height=\"617\" frameborder=\"0\" allowfullscreen=\"allowfullscreen\"><\/iframe><\/p>\n","protected":false},"excerpt":{"rendered":"<p>\ufeff<\/p>\n","protected":false},"author":1,"featured_media":0,"parent":0,"menu_order":0,"comment_status":"closed","ping_status":"closed","template":"templates\/page-fullwidth_template.php","meta":{"footnotes":""},"_links":{"self":[{"href":"https:\/\/sultanozdemir.com\/index.php?rest_route=\/wp\/v2\/pages\/3499"}],"collection":[{"href":"https:\/\/sultanozdemir.com\/index.php?rest_route=\/wp\/v2\/pages"}],"about":[{"href":"https:\/\/sultanozdemir.com\/index.php?rest_route=\/wp\/v2\/types\/page"}],"author":[{"embeddable":true,"href":"https:\/\/sultanozdemir.com\/index.php?rest_route=\/wp\/v2\/users\/1"}],"replies":[{"embeddable":true,"href":"https:\/\/sultanozdemir.com\/index.php?rest_route=%2Fwp%2Fv2%2Fcomments&post=3499"}],"version-history":[{"count":28,"href":"https:\/\/sultanozdemir.com\/index.php?rest_route=\/wp\/v2\/pages\/3499\/revisions"}],"predecessor-version":[{"id":3571,"href":"https:\/\/sultanozdemir.com\/index.php?rest_route=\/wp\/v2\/pages\/3499\/revisions\/3571"}],"wp:attachment":[{"href":"https:\/\/sultanozdemir.com\/index.php?rest_route=%2Fwp%2Fv2%2Fmedia&parent=3499"}],"curies":[{"name":"wp","href":"https:\/\/api.w.org\/{rel}","templated":true}]}}