{"id":3534,"date":"2024-06-11T05:44:24","date_gmt":"2024-06-11T05:44:24","guid":{"rendered":"https:\/\/sultanozdemir.com\/?page_id=3534"},"modified":"2024-06-11T05:58:21","modified_gmt":"2024-06-11T05:58:21","slug":"youtube-videolarim","status":"publish","type":"page","link":"https:\/\/sultanozdemir.com\/?page_id=3534","title":{"rendered":"Youtube Videolar\u0131m"},"content":{"rendered":"<p><iframe loading=\"lazy\" title=\"19 A\u011fustos 2022\" src=\"https:\/\/www.youtube.com\/embed\/4W_ZQAxyMag\" width=\"1034\" height=\"578\" frameborder=\"0\" allowfullscreen=\"allowfullscreen\"><span style=\"display: inline-block; width: 0px; overflow: hidden; line-height: 0;\" data-mce-type=\"bookmark\" class=\"mce_SELRES_start\">\ufeff<\/span><\/iframe><br \/>\n<iframe loading=\"lazy\" title=\"Bulgaristan Sofia gezisi\" src=\"https:\/\/www.youtube.com\/embed\/aDNzvBPRtB8\" width=\"1034\" height=\"582\" frameborder=\"0\" allowfullscreen=\"allowfullscreen\"><\/iframe><br \/>\n<iframe loading=\"lazy\" title=\"Manisa salihli\u201dden polonya\u201dya domateees &#x1f601;\" src=\"https:\/\/www.youtube.com\/embed\/X5FUqLJfdiM\" width=\"1034\" height=\"582\" frameborder=\"0\" allowfullscreen=\"allowfullscreen\"><\/iframe><br \/>\n<iframe loading=\"lazy\" title=\"5 Kas\u0131m 2023\" src=\"https:\/\/www.youtube.com\/embed\/4zEJmt9J2ac\" width=\"1034\" height=\"729\" frameborder=\"0\" allowfullscreen=\"allowfullscreen\"><\/iframe><br \/>\n<iframe loading=\"lazy\" title=\"Erenk\u00f6y g\u00fcmr\u00fck alan\u0131nda du\u015f tuvalet ihtiyac\u0131n\u0131 nas\u0131l kar\u015f\u0131lar\u0131z &#x1f937;&#x200d;&#x2640;&#xfe0f;\" src=\"https:\/\/www.youtube.com\/embed\/GjarzC_8fek\" width=\"1034\" height=\"729\" frameborder=\"0\" allowfullscreen=\"allowfullscreen\"><\/iframe><br \/>\n<iframe loading=\"lazy\" title=\"T\u0131r \u015f\u00f6f\u00f6r\u00fc Fransa\u2019da du\u015f problemini nas\u0131l \u00e7\u00f6zer\" src=\"https:\/\/www.youtube.com\/embed\/gVj7RnaFYeY\" width=\"1034\" height=\"729\" frameborder=\"0\" allowfullscreen=\"allowfullscreen\"><\/iframe><br \/>\n<iframe loading=\"lazy\" title=\"T\u0131r \u015f\u00f6f\u00f6r\u00fcn\u00fcn Polonya Katowice de gezmeceleri &#x1f602;&#x1f602;\" src=\"https:\/\/www.youtube.com\/embed\/lZwJApsDlN0\" width=\"1034\" height=\"729\" frameborder=\"0\" allowfullscreen=\"allowfullscreen\"><\/iframe><br \/>\n<iframe loading=\"lazy\" title=\"Almanya essen de t\u0131r ile gezmelere&#x1f60a;&#x1f609;&#x1f609;\" src=\"https:\/\/www.youtube.com\/embed\/QUpcGyNUyog\" width=\"1034\" height=\"582\" frameborder=\"0\" allowfullscreen=\"allowfullscreen\"><\/iframe><br \/>\n<iframe loading=\"lazy\" title=\"Bel\u00e7ika\u2019dan y\u00fck\u00fcm\u00fcz\u00fc ald\u0131k da ge\u00e7 oldu &#x1f926;&#x1f3fd;&#x200d;&#x2640;&#xfe0f;\" src=\"https:\/\/www.youtube.com\/embed\/HaAgugyijtQ\" width=\"1034\" height=\"582\" frameborder=\"0\" allowfullscreen=\"allowfullscreen\"><\/iframe><br \/>\n<iframe loading=\"lazy\" title=\"T\u0131r ile d\u00f6n\u00fc\u015f yolundaki al\u0131\u015fveri\u015f h\u00fcsran\u0131 &#x1f601;&#x1f601;&#x1f923;&#x1f926;&#x1f3fd;&#x200d;&#x2640;&#xfe0f;\" src=\"https:\/\/www.youtube.com\/embed\/KJNYdR4Jn3g\" width=\"1034\" height=\"582\" frameborder=\"0\" allowfullscreen=\"allowfullscreen\"><\/iframe><br \/>\n<iframe loading=\"lazy\" title=\"T\u0131r\u0131n egzoz ve partik\u00fcl temizli\u011fi ve t\u0131rda misafir &#x1f609;\" src=\"https:\/\/www.youtube.com\/embed\/_GwovQpJcYM\" width=\"1034\" height=\"582\" frameborder=\"0\" allowfullscreen=\"allowfullscreen\"><\/iframe><br \/>\n<iframe loading=\"lazy\" title=\"Gi\u015fe ge\u00e7i\u015fi\" src=\"https:\/\/www.youtube.com\/embed\/UG_IL9lwJ88\" width=\"1034\" height=\"582\" frameborder=\"0\" allowfullscreen=\"allowfullscreen\"><\/iframe><br \/>\n<iframe loading=\"lazy\" title=\"Karavan ile t\u0131r a do\u011fru k\u0131sa bir yolculuk\" src=\"https:\/\/www.youtube.com\/embed\/MNfz2OkhMkY\" width=\"1034\" height=\"582\" frameborder=\"0\" allowfullscreen=\"allowfullscreen\"><\/iframe><br \/>\n<iframe loading=\"lazy\" title=\"T\u0131r mesle\u011fine ilk ba\u015flayanlara ilk tavsiye\" src=\"https:\/\/www.youtube.com\/embed\/8YyQRkYY3tQ\" width=\"1034\" height=\"582\" frameborder=\"0\" allowfullscreen=\"allowfullscreen\"><\/iframe><br \/>\n<iframe loading=\"lazy\" title=\"\u00dclkeler aras\u0131 t\u0131r ile ge\u00e7i\u015f\" src=\"https:\/\/www.youtube.com\/embed\/ZallFZnsBPk\" width=\"1034\" height=\"582\" frameborder=\"0\" allowfullscreen=\"allowfullscreen\"><\/iframe><br \/>\n<iframe loading=\"lazy\" title=\"Antalya\u2019dan y\u00fckledi\u011fim domatesleri Polonya ya teslim ettim\" src=\"https:\/\/www.youtube.com\/embed\/zRv5gdOTBuU\" width=\"1034\" height=\"582\" frameborder=\"0\" allowfullscreen=\"allowfullscreen\"><\/iframe><br \/>\n<iframe loading=\"lazy\" title=\"Polonya\u2019dan Mersin e kurufasulye\" src=\"https:\/\/www.youtube.com\/embed\/H4kEVTybCeY\" width=\"1034\" height=\"582\" frameborder=\"0\" allowfullscreen=\"allowfullscreen\"><\/iframe><br \/>\n<iframe loading=\"lazy\" title=\"Mersin de ne yap\u0131l\u0131r &#x1f602;\" src=\"https:\/\/www.youtube.com\/embed\/AzABaWg2ARw\" width=\"1034\" height=\"582\" frameborder=\"0\" allowfullscreen=\"allowfullscreen\"><\/iframe><br \/>\n<iframe loading=\"lazy\" title=\"Canl\u0131 yay\u0131ndan kalanlar &#x1f923;\" src=\"https:\/\/www.youtube.com\/embed\/kTqzfCirGRM\" width=\"1034\" height=\"729\" frameborder=\"0\" allowfullscreen=\"allowfullscreen\"><\/iframe><br \/>\n<iframe loading=\"lazy\" title=\"Kad\u0131n t\u0131r \u015f\u00f6f\u00f6r\u00fc memleketine giderse k\u00f6y havas\u0131\" src=\"https:\/\/www.youtube.com\/embed\/efomj4QgplI\" width=\"1034\" height=\"582\" frameborder=\"0\" allowfullscreen=\"allowfullscreen\"><\/iframe><br \/>\n<iframe loading=\"lazy\" title=\"Manisa salihli\u201dden polonya\u201dya domateees &#x1f601;\" src=\"https:\/\/www.youtube.com\/embed\/X5FUqLJfdiM\" width=\"1034\" height=\"582\" frameborder=\"0\" allowfullscreen=\"allowfullscreen\"><\/iframe><br \/>\n<iframe loading=\"lazy\" title=\"Bulgaristan Sofia gezisi\" src=\"https:\/\/www.youtube.com\/embed\/aDNzvBPRtB8\" width=\"1034\" height=\"582\" frameborder=\"0\" allowfullscreen=\"allowfullscreen\"><\/iframe><\/p>\n","protected":false},"excerpt":{"rendered":"<p>\ufeff<\/p>\n","protected":false},"author":1,"featured_media":0,"parent":0,"menu_order":0,"comment_status":"closed","ping_status":"closed","template":"templates\/page-fullwidth_template.php","meta":{"footnotes":""},"_links":{"self":[{"href":"https:\/\/sultanozdemir.com\/index.php?rest_route=\/wp\/v2\/pages\/3534"}],"collection":[{"href":"https:\/\/sultanozdemir.com\/index.php?rest_route=\/wp\/v2\/pages"}],"about":[{"href":"https:\/\/sultanozdemir.com\/index.php?rest_route=\/wp\/v2\/types\/page"}],"author":[{"embeddable":true,"href":"https:\/\/sultanozdemir.com\/index.php?rest_route=\/wp\/v2\/users\/1"}],"replies":[{"embeddable":true,"href":"https:\/\/sultanozdemir.com\/index.php?rest_route=%2Fwp%2Fv2%2Fcomments&post=3534"}],"version-history":[{"count":23,"href":"https:\/\/sultanozdemir.com\/index.php?rest_route=\/wp\/v2\/pages\/3534\/revisions"}],"predecessor-version":[{"id":3558,"href":"https:\/\/sultanozdemir.com\/index.php?rest_route=\/wp\/v2\/pages\/3534\/revisions\/3558"}],"wp:attachment":[{"href":"https:\/\/sultanozdemir.com\/index.php?rest_route=%2Fwp%2Fv2%2Fmedia&parent=3534"}],"curies":[{"name":"wp","href":"https:\/\/api.w.org\/{rel}","templated":true}]}}